{"id":1200,"date":"2025-06-11T07:31:23","date_gmt":"2025-06-11T05:31:23","guid":{"rendered":"https:\/\/megatec.pe\/?post_type=product&#038;p=1200"},"modified":"2025-06-12T02:52:54","modified_gmt":"2025-06-12T00:52:54","slug":"earbuds-huawei","status":"publish","type":"product","link":"https:\/\/megatec.pe\/?product=earbuds-huawei","title":{"rendered":"Huawei FreeBuds Pro 4"},"content":{"rendered":"<p><span class=\"relative -mx-px my-[-0.2rem] rounded px-px py-[0.2rem] transition-colors duration-100 ease-in-out\">El Huawei FreeBuds Pro\u202f4 son unos auriculares inal\u00e1mbricos premium que combinan sofisticaci\u00f3n t\u00e9cnica y versatilidad. Cuentan con doble controlador (uno din\u00e1mico de 11\u202fmm y otro de diafragma planar) y soportan transmisi\u00f3n lossless de hasta 2.3\u202fMbps mediante el c\u00f3dec L2HC 4.0, adem\u00e1s de compatibilidad con LDAC y AAC<\/span>. <span class=\"relative -mx-px my-[-0.2rem] rounded px-px py-[0.2rem] transition-colors duration-100 ease-in-out\">Ofrecen cancelaci\u00f3n activa de ruido inteligente, apoyada en almohadillas de espuma con memoria que reducen el sonido ambiental en m\u00e1s de un 30\u202f%, sumado a un algoritmo adaptativo que ajusta el ecualizador y modo de ANC seg\u00fan el entorno<\/span>. <span class=\"relative -mx-px my-[-0.2rem] rounded px-px py-[0.2rem] transition-colors duration-100 ease-in-out\">Su dise\u00f1o es ligero (~5.8\u202fg por auricular, estuche de 47\u202fg) y elegante, disponible en negro, blanco y verde con detalles cer\u00e1micos grabados<\/span> . <span class=\"relative -mx-px my-[-0.2rem] rounded px-px py-[0.2rem] transition-colors duration-100 ease-in-out\">La bater\u00eda ofrece hasta 33\u202fhoras de reproducci\u00f3n total, con 6\u20137 horas por carga dependiendo del modo de audio, y la experiencia se complementa con controles por movimiento, micr\u00f3fonos optimizados para llamadas n\u00edtidas en ambientes ruidosos, y una est\u00e9tica moderna y profesional<\/span><\/p>\n","protected":false},"excerpt":{"rendered":"<p>Los Huawei FreeBuds Pro 4 son aud\u00edfonos inal\u00e1mbricos de alta gama dise\u00f1ados para ofrecer una experiencia sonora envolvente y c\u00f3moda en cualquier entorno. Combinan un dise\u00f1o elegante y moderno con funciones inteligentes que mejoran la calidad del sonido y la cancelaci\u00f3n de ruido. Ideales para quienes buscan un equilibrio entre estilo, tecnolog\u00eda y comodidad, estos aud\u00edfonos se adaptan f\u00e1cilmente tanto al uso diario como a momentos de concentraci\u00f3n o entretenimiento.<\/p>\n","protected":false},"featured_media":1184,"comment_status":"open","ping_status":"closed","template":"","meta":[],"product_brand":[],"product_cat":[39],"product_tag":[],"class_list":{"0":"post-1200","1":"product","2":"type-product","3":"status-publish","4":"has-post-thumbnail","6":"product_cat-proximamente","8":"first","9":"onbackorder","10":"taxable","11":"shipping-taxable","12":"product-type-simple"},"_links":{"self":[{"href":"https:\/\/megatec.pe\/index.php?rest_route=\/wp\/v2\/product\/1200","targetHints":{"allow":["GET"]}}],"collection":[{"href":"https:\/\/megatec.pe\/index.php?rest_route=\/wp\/v2\/product"}],"about":[{"href":"https:\/\/megatec.pe\/index.php?rest_route=\/wp\/v2\/types\/product"}],"replies":[{"embeddable":true,"href":"https:\/\/megatec.pe\/index.php?rest_route=%2Fwp%2Fv2%2Fcomments&post=1200"}],"wp:featuredmedia":[{"embeddable":true,"href":"https:\/\/megatec.pe\/index.php?rest_route=\/wp\/v2\/media\/1184"}],"wp:attachment":[{"href":"https:\/\/megatec.pe\/index.php?rest_route=%2Fwp%2Fv2%2Fmedia&parent=1200"}],"wp:term":[{"taxonomy":"product_brand","embeddable":true,"href":"https:\/\/megatec.pe\/index.php?rest_route=%2Fwp%2Fv2%2Fproduct_brand&post=1200"},{"taxonomy":"product_cat","embeddable":true,"href":"https:\/\/megatec.pe\/index.php?rest_route=%2Fwp%2Fv2%2Fproduct_cat&post=1200"},{"taxonomy":"product_tag","embeddable":true,"href":"https:\/\/megatec.pe\/index.php?rest_route=%2Fwp%2Fv2%2Fproduct_tag&post=1200"}],"curies":[{"name":"wp","href":"https:\/\/api.w.org\/{rel}","templated":true}]}}